{"id":1212,"date":"2024-11-12T20:28:12","date_gmt":"2024-11-12T20:28:12","guid":{"rendered":"https:\/\/www.aboutvalue.se\/?page_id=1212"},"modified":"2024-12-05T20:09:49","modified_gmt":"2024-12-05T20:09:49","slug":"senior-ekonomikonsult-med-god-kunskap-av-koncernkonsolidering","status":"publish","type":"page","link":"https:\/\/www.aboutvalue.se\/en\/senior-ekonomikonsult-med-god-kunskap-av-koncernkonsolidering\/","title":{"rendered":"Senior ekonomikonsult med god kunskap av koncernkonsolidering"},"content":{"rendered":"<div data-elementor-type=\"wp-page\" data-elementor-id=\"1212\" class=\"elementor elementor-1212\" data-elementor-post-type=\"page\">\n\t\t\t\t\t\t\t\t\t<section class=\"elementor-section elementor-top-section elementor-element elementor-element-4db800a elementor-section-boxed elementor-section-height-default elementor-section-height-default\" data-id=\"4db800a\" data-element_type=\"section\">\n\t\t\t\t\t\t<div class=\"elementor-container elementor-column-gap-default\">\n\t\t\t\t\t<div class=\"elementor-column elementor-col-100 elementor-top-column elementor-element elementor-element-b045780\" data-id=\"b045780\" data-element_type=\"column\">\n\t\t\t<div class=\"elementor-widget-wrap elementor-element-populated\">\n\t\t\t\t\t\t\t\t<div class=\"elementor-element elementor-element-5e5d47d elementor-widget elementor-widget-heading\" data-id=\"5e5d47d\" data-element_type=\"widget\" data-widget_type=\"heading.default\">\n\t\t\t\t<div class=\"elementor-widget-container\">\n\t\t\t<style>\/*! elementor - v3.15.0 - 20-08-2023 *\/\n.elementor-heading-title{padding:0;margin:0;line-height:1}.elementor-widget-heading .elementor-heading-title[class*=elementor-size-]>a{color:inherit;font-size:inherit;line-height:inherit}.elementor-widget-heading .elementor-heading-title.elementor-size-small{font-size:15px}.elementor-widget-heading .elementor-heading-title.elementor-size-medium{font-size:19px}.elementor-widget-heading .elementor-heading-title.elementor-size-large{font-size:29px}.elementor-widget-heading .elementor-heading-title.elementor-size-xl{font-size:39px}.elementor-widget-heading .elementor-heading-title.elementor-size-xxl{font-size:59px}<\/style><h2 class=\"elementor-heading-title elementor-size-large\">Senior ekonomikonsult med god kunskap av koncernkonsolidering<\/h2>\t\t<\/div>\n\t\t\t\t<\/div>\n\t\t\t\t<div class=\"elementor-element elementor-element-9973693 elementor-widget elementor-widget-text-editor\" data-id=\"9973693\" data-element_type=\"widget\" data-widget_type=\"text-editor.default\">\n\t\t\t\t<div class=\"elementor-widget-container\">\n\t\t\t<style>\/*! elementor - v3.15.0 - 20-08-2023 *\/\n.elementor-widget-text-editor.elementor-drop-cap-view-stacked .elementor-drop-cap{background-color:#69727d;color:#fff}.elementor-widget-text-editor.elementor-drop-cap-view-framed .elementor-drop-cap{color:#69727d;border:3px solid;background-color:transparent}.elementor-widget-text-editor:not(.elementor-drop-cap-view-default) .elementor-drop-cap{margin-top:8px}.elementor-widget-text-editor:not(.elementor-drop-cap-view-default) .elementor-drop-cap-letter{width:1em;height:1em}.elementor-widget-text-editor .elementor-drop-cap{float:left;text-align:center;line-height:1;font-size:50px}.elementor-widget-text-editor .elementor-drop-cap-letter{display:inline-block}<\/style>\t\t\t\t<p><b><span data-contrast=\"auto\">AboutValue<\/span><\/b><span data-contrast=\"auto\"> \u00e4r en fram\u00e5tblickande redovisningsbyr\u00e5 som erbjuder finansiell r\u00e5dgivning och ekonomiska tj\u00e4nster i n\u00e4ra samarbete med v\u00e5ra kunder. Vi lyfter ekonomifunktionen till en strategisk och proaktiv roll d\u00e4r vi str\u00e4var efter att hitta smarta l\u00f6sningar och skapa effektiva fl\u00f6den. Vi \u00e4r en dynamisk och v\u00e4xande organisation som v\u00e4rdes\u00e4tter nyt\u00e4nkande och engagemang. H\u00e4r arbetar vi med korta beslutsv\u00e4gar, flexibla arbetsf\u00f6rh\u00e5llanden och en arbetsmilj\u00f6 som pr\u00e4glas av positiv energi och nya id\u00e9er.<\/span><span data-ccp-props=\"{}\">\u00a0<\/span><\/p><p><b><span data-contrast=\"auto\">Om rollen<\/span><\/b><span data-ccp-props=\"{}\">\u00a0<\/span><\/p><p><span data-contrast=\"auto\">Vi s\u00f6ker nu en erfaren och driven ekonomikonsult med erfarenhet <\/span><b><span data-contrast=\"auto\">inom koncernkonsolidering<\/span><\/b><span data-contrast=\"auto\"> som vill bli en del av v\u00e5rt team. Rollen inneb\u00e4r ett strategiskt ansvar f\u00f6r att s\u00e4kerst\u00e4lla kvalitet, effektivitet och utveckling av v\u00e5ra koncernrapporteringsprocesser. Du kommer att arbeta n\u00e4ra v\u00e5ra kunder och interna team f\u00f6r att leverera l\u00f6sningar av h\u00f6gsta kvalitet.<\/span><span data-ccp-props=\"{}\">\u00a0<\/span><\/p><p><span data-contrast=\"auto\">Hos oss f\u00e5r du m\u00f6jligheten att kombinera din kunskap inom koncernkonsolidering med en innovativ arbetsmilj\u00f6 d\u00e4r vi jobbar molnbaserat med moderna verktyg som Dynamics 365 Business Central.<\/span><span data-ccp-props=\"{}\">\u00a0<\/span><\/p><p><b><span data-contrast=\"auto\">Arbetsuppgifter<\/span><\/b><span data-ccp-props=\"{}\">\u00a0<\/span><\/p><p><span data-contrast=\"auto\">Som senior ekonom hos oss kommer du att:<\/span><span data-ccp-props=\"{}\">\u00a0<\/span><\/p><ul><li data-leveltext=\"\uf0b7\" data-font=\"Symbol\" data-listid=\"1\" data-list-defn-props=\"{&quot;335552541&quot;:1,&quot;335559685&quot;:720,&quot;335559991&quot;:360,&quot;469769226&quot;:&quot;Symbol&quot;,&quot;469769242&quot;:[8226],&quot;469777803&quot;:&quot;left&quot;,&quot;469777804&quot;:&quot;\uf0b7&quot;,&quot;469777815&quot;:&quot;multilevel&quot;}\" aria-setsize=\"-1\" data-aria-posinset=\"1\" data-aria-level=\"1\"><span data-contrast=\"auto\">Leda och genomf\u00f6ra koncernkonsolideringar f\u00f6r v\u00e5ra kunder.<\/span><span data-ccp-props=\"{&quot;201341983&quot;:0,&quot;335559739&quot;:0,&quot;335559740&quot;:240}\">\u00a0<\/span><\/li><\/ul><ul><li data-leveltext=\"\uf0b7\" data-font=\"Symbol\" data-listid=\"1\" data-list-defn-props=\"{&quot;335552541&quot;:1,&quot;335559685&quot;:720,&quot;335559991&quot;:360,&quot;469769226&quot;:&quot;Symbol&quot;,&quot;469769242&quot;:[8226],&quot;469777803&quot;:&quot;left&quot;,&quot;469777804&quot;:&quot;\uf0b7&quot;,&quot;469777815&quot;:&quot;multilevel&quot;}\" aria-setsize=\"-1\" data-aria-posinset=\"2\" data-aria-level=\"1\"><span data-contrast=\"auto\">Kvalitetss\u00e4kra koncernrapporte<\/span><span data-contrast=\"auto\">r (inklusive del\u00e5rsrapporter och \u00e5rsredovisningar) o<\/span><span data-contrast=\"auto\">ch s\u00e4kerst\u00e4lla efterlevnad av relevanta regelverk (K3, IFRS).<\/span><span data-ccp-props=\"{&quot;201341983&quot;:0,&quot;335559739&quot;:0,&quot;335559740&quot;:240}\">\u00a0<\/span><\/li><\/ul><ul><li data-leveltext=\"\uf0b7\" data-font=\"Symbol\" data-listid=\"1\" data-list-defn-props=\"{&quot;335552541&quot;:1,&quot;335559685&quot;:720,&quot;335559991&quot;:360,&quot;469769226&quot;:&quot;Symbol&quot;,&quot;469769242&quot;:[8226],&quot;469777803&quot;:&quot;left&quot;,&quot;469777804&quot;:&quot;\uf0b7&quot;,&quot;469777815&quot;:&quot;multilevel&quot;}\" aria-setsize=\"-1\" data-aria-posinset=\"3\" data-aria-level=\"1\"><span data-contrast=\"auto\">Utveckla och f\u00f6rb\u00e4ttra rapporteringsprocesser och konsolideringsverktyg.<\/span><span data-ccp-props=\"{&quot;201341983&quot;:0,&quot;335559739&quot;:0,&quot;335559740&quot;:240}\">\u00a0<\/span><\/li><\/ul><ul><li data-leveltext=\"\uf0b7\" data-font=\"Symbol\" data-listid=\"1\" data-list-defn-props=\"{&quot;335552541&quot;:1,&quot;335559685&quot;:720,&quot;335559991&quot;:360,&quot;469769226&quot;:&quot;Symbol&quot;,&quot;469769242&quot;:[8226],&quot;469777803&quot;:&quot;left&quot;,&quot;469777804&quot;:&quot;\uf0b7&quot;,&quot;469777815&quot;:&quot;multilevel&quot;}\" aria-setsize=\"-1\" data-aria-posinset=\"4\" data-aria-level=\"1\"><span data-contrast=\"auto\">Ge r\u00e5d och st\u00f6d till kunder i komplexa redovisnings- och konsolideringsfr\u00e5gor.<\/span><span data-ccp-props=\"{&quot;201341983&quot;:0,&quot;335559739&quot;:0,&quot;335559740&quot;:240}\">\u00a0<\/span><\/li><\/ul><ul><li data-leveltext=\"\uf0b7\" data-font=\"Symbol\" data-listid=\"1\" data-list-defn-props=\"{&quot;335552541&quot;:1,&quot;335559685&quot;:720,&quot;335559991&quot;:360,&quot;469769226&quot;:&quot;Symbol&quot;,&quot;469769242&quot;:[8226],&quot;469777803&quot;:&quot;left&quot;,&quot;469777804&quot;:&quot;\uf0b7&quot;,&quot;469777815&quot;:&quot;multilevel&quot;}\" aria-setsize=\"-1\" data-aria-posinset=\"5\" data-aria-level=\"1\"><span data-contrast=\"auto\">Bidra till utvecklingen av v\u00e5rt team genom att dela med dig av din specialistkunskap.<\/span><span data-ccp-props=\"{&quot;201341983&quot;:0,&quot;335559739&quot;:0,&quot;335559740&quot;:240}\">\u00a0<\/span><\/li><\/ul><ul><li data-leveltext=\"\uf0b7\" data-font=\"Symbol\" data-listid=\"1\" data-list-defn-props=\"{&quot;335552541&quot;:1,&quot;335559685&quot;:720,&quot;335559991&quot;:360,&quot;469769226&quot;:&quot;Symbol&quot;,&quot;469769242&quot;:[8226],&quot;469777803&quot;:&quot;left&quot;,&quot;469777804&quot;:&quot;\uf0b7&quot;,&quot;469777815&quot;:&quot;multilevel&quot;}\" aria-setsize=\"-1\" data-aria-posinset=\"6\" data-aria-level=\"1\"><span data-contrast=\"auto\">St\u00f6tta i projekt kopplade till automatisering av ekonomiska processer.<\/span><span data-ccp-props=\"{&quot;201341983&quot;:0,&quot;335559739&quot;:0,&quot;335559740&quot;:240}\">\u00a0<\/span><\/li><\/ul><ul><li data-leveltext=\"\uf0b7\" data-font=\"Symbol\" data-listid=\"1\" data-list-defn-props=\"{&quot;335552541&quot;:1,&quot;335559685&quot;:720,&quot;335559991&quot;:360,&quot;469769226&quot;:&quot;Symbol&quot;,&quot;469769242&quot;:[8226],&quot;469777803&quot;:&quot;left&quot;,&quot;469777804&quot;:&quot;\uf0b7&quot;,&quot;469777815&quot;:&quot;multilevel&quot;}\" aria-setsize=\"-1\" data-aria-posinset=\"7\" data-aria-level=\"1\"><span data-contrast=\"auto\">Delaktig vid inf\u00f6rs\u00e4ljning av nya uppdrag och uppstart av kunden avseende rutiner, processer etc.<\/span><span data-ccp-props=\"{&quot;201341983&quot;:0,&quot;335559739&quot;:0,&quot;335559740&quot;:240}\">\u00a0<\/span><\/li><\/ul><p><span data-ccp-props=\"{}\">\u00a0<\/span><\/p><p><b><span data-contrast=\"auto\">Personliga egenskaper<\/span><\/b><span data-ccp-props=\"{}\">\u00a0<\/span><\/p><p><span data-contrast=\"auto\">Vi s\u00f6ker dig som \u00e4r analytisk och noggrann med ett strategiskt t\u00e4nkande. Du \u00e4r sj\u00e4lvg\u00e5ende och ansvarstagande, med f\u00f6rm\u00e5ga att prioritera och driva processer fram\u00e5t p\u00e5 ett strukturerat s\u00e4tt. F\u00f6r att lyckas i rollen \u00e4r det viktigt att du har en god kommunikativ f\u00f6rm\u00e5ga och k\u00e4nner dig trygg i samarbeten, b\u00e5de med kunder och kollegor. Vi v\u00e4rdes\u00e4tter \u00e4ven din nyfikenhet och ditt engagemang f\u00f6r att utveckla nya l\u00f6sningar och arbetss\u00e4tt som bidrar till b\u00e5de kundernas och teamets framg\u00e5ng.<\/span><span data-ccp-props=\"{}\">\u00a0<\/span><\/p><p><b><span data-contrast=\"auto\">Erfarenhet och kvalifikationer<\/span><\/b><span data-ccp-props=\"{}\">\u00a0<\/span><\/p><ul><li data-leveltext=\"\uf0b7\" data-font=\"Symbol\" data-listid=\"3\" data-list-defn-props=\"{&quot;335552541&quot;:1,&quot;335559685&quot;:720,&quot;335559991&quot;:360,&quot;469769226&quot;:&quot;Symbol&quot;,&quot;469769242&quot;:[8226],&quot;469777803&quot;:&quot;left&quot;,&quot;469777804&quot;:&quot;\uf0b7&quot;,&quot;469777815&quot;:&quot;multilevel&quot;}\" aria-setsize=\"-1\" data-aria-posinset=\"1\" data-aria-level=\"1\"><span data-contrast=\"auto\">Relevant akademisk examen inom ekonomi, redovisning eller motsvarande.<\/span><span data-ccp-props=\"{&quot;335559739&quot;:0}\">\u00a0<\/span><\/li><\/ul><ul><li data-leveltext=\"\uf0b7\" data-font=\"Symbol\" data-listid=\"3\" data-list-defn-props=\"{&quot;335552541&quot;:1,&quot;335559685&quot;:720,&quot;335559991&quot;:360,&quot;469769226&quot;:&quot;Symbol&quot;,&quot;469769242&quot;:[8226],&quot;469777803&quot;:&quot;left&quot;,&quot;469777804&quot;:&quot;\uf0b7&quot;,&quot;469777815&quot;:&quot;multilevel&quot;}\" aria-setsize=\"-1\" data-aria-posinset=\"2\" data-aria-level=\"1\"><span data-contrast=\"auto\">Minst 5 \u00e5rs erfarenhet av arbete inom redovisning, med s\u00e4rskilt fokus p\u00e5 koncernkonsolidering.<\/span><span data-ccp-props=\"{&quot;335559739&quot;:0}\">\u00a0<\/span><\/li><\/ul><ul><li data-leveltext=\"\uf0b7\" data-font=\"Symbol\" data-listid=\"3\" data-list-defn-props=\"{&quot;335552541&quot;:1,&quot;335559685&quot;:720,&quot;335559991&quot;:360,&quot;469769226&quot;:&quot;Symbol&quot;,&quot;469769242&quot;:[8226],&quot;469777803&quot;:&quot;left&quot;,&quot;469777804&quot;:&quot;\uf0b7&quot;,&quot;469777815&quot;:&quot;multilevel&quot;}\" aria-setsize=\"-1\" data-aria-posinset=\"3\" data-aria-level=\"1\"><span data-contrast=\"auto\">Gedigen kunskap om K3 och\/eller IFRS.<\/span><span data-ccp-props=\"{&quot;335559739&quot;:0}\">\u00a0<\/span><\/li><\/ul><ul><li data-leveltext=\"\uf0b7\" data-font=\"Symbol\" data-listid=\"3\" data-list-defn-props=\"{&quot;335552541&quot;:1,&quot;335559685&quot;:720,&quot;335559991&quot;:360,&quot;469769226&quot;:&quot;Symbol&quot;,&quot;469769242&quot;:[8226],&quot;469777803&quot;:&quot;left&quot;,&quot;469777804&quot;:&quot;\uf0b7&quot;,&quot;469777815&quot;:&quot;multilevel&quot;}\" aria-setsize=\"-1\" data-aria-posinset=\"4\" data-aria-level=\"1\"><span data-contrast=\"auto\">Erfarenhet av arbete med konsolideringsverktyg, g\u00e4rna inom Dynamics 365 Business Central eller liknande.<\/span><span data-ccp-props=\"{&quot;335559739&quot;:0}\">\u00a0<\/span><\/li><\/ul><ul><li data-leveltext=\"\uf0b7\" data-font=\"Symbol\" data-listid=\"3\" data-list-defn-props=\"{&quot;335552541&quot;:1,&quot;335559685&quot;:720,&quot;335559991&quot;:360,&quot;469769226&quot;:&quot;Symbol&quot;,&quot;469769242&quot;:[8226],&quot;469777803&quot;:&quot;left&quot;,&quot;469777804&quot;:&quot;\uf0b7&quot;,&quot;469777815&quot;:&quot;multilevel&quot;}\" aria-setsize=\"-1\" data-aria-posinset=\"5\" data-aria-level=\"1\"><span data-contrast=\"auto\">Goda kunskaper i Excel<\/span><span data-ccp-props=\"{&quot;335559739&quot;:0}\">\u00a0<\/span><\/li><\/ul><ul><li data-leveltext=\"\uf0b7\" data-font=\"Symbol\" data-listid=\"3\" data-list-defn-props=\"{&quot;335552541&quot;:1,&quot;335559685&quot;:720,&quot;335559991&quot;:360,&quot;469769226&quot;:&quot;Symbol&quot;,&quot;469769242&quot;:[8226],&quot;469777803&quot;:&quot;left&quot;,&quot;469777804&quot;:&quot;\uf0b7&quot;,&quot;469777815&quot;:&quot;multilevel&quot;}\" aria-setsize=\"-1\" data-aria-posinset=\"6\" data-aria-level=\"1\"><span data-contrast=\"auto\">Mycket god f\u00f6rm\u00e5ga att uttrycka dig p\u00e5 svenska och engelska, b\u00e5de i tal och skrift.<\/span><span data-ccp-props=\"{&quot;335559739&quot;:0}\">\u00a0<\/span><\/li><\/ul><p><span data-ccp-props=\"{}\">\u00a0<\/span><\/p><p><b><span data-contrast=\"auto\">Ans\u00f6kan<\/span><\/b><span data-ccp-props=\"{}\">\u00a0<\/span><\/p><p><span data-contrast=\"auto\">Rekrytering sker l\u00f6pande. Skicka ditt CV och ett personligt brev till <\/span><b><span data-contrast=\"auto\">info@aboutvalue.se<\/span><\/b><span data-contrast=\"auto\">.<\/span>\u00a0<br \/><span data-contrast=\"auto\">Vi ser fram emot att h\u00f6ra fr\u00e5n dig!<\/span><span data-ccp-props=\"{}\">\u00a0<\/span><\/p><p>\u00a0<\/p>\t\t\t\t\t\t<\/div>\n\t\t\t\t<\/div>\n\t\t\t\t\t<\/div>\n\t\t<\/div>\n\t\t\t\t\t\t\t<\/div>\n\t\t<\/section>\n\t\t\t\t\t\t\t<\/div>","protected":false},"excerpt":{"rendered":"<p>Senior ekonomikonsult med god kunskap av koncernkonsolidering AboutValue \u00e4r en fram\u00e5tblickande redovisningsbyr\u00e5 som erbjuder finansiell r\u00e5dgivning och ekonomiska tj\u00e4nster i n\u00e4ra samarbete med v\u00e5ra kunder. Vi lyfter ekonomifunktionen till en strategisk och proaktiv roll d\u00e4r vi str\u00e4var efter att hitta smarta l\u00f6sningar och skapa effektiva fl\u00f6den. Vi \u00e4r en dynamisk och v\u00e4xande organisation som v\u00e4rdes\u00e4tter [&hellip;]<\/p>","protected":false},"author":4,"featured_media":0,"parent":0,"menu_order":0,"comment_status":"closed","ping_status":"closed","template":"","meta":{"footnotes":""},"yoast_head":"<!-- This site is optimized with the Yoast SEO plugin v21.0 - https:\/\/yoast.com\/wordpress\/plugins\/seo\/ -->\n<title>Senior ekonomikonsult med god kunskap av koncernkonsolidering | AboutValue<\/title>\n<meta name=\"description\" content=\"AboutValue hj\u00e4lper er att identifiera och utnyttja m\u00f6jligheter f\u00f6r \u00f6kad l\u00f6nsamhet, med kvalificerade konsulter, utvecklade processer och erfarenheter.\" \/>\n<meta name=\"robots\" content=\"index, follow, max-snippet:-1, max-image-preview:large, max-video-preview:-1\" \/>\n<link rel=\"canonical\" href=\"https:\/\/www.aboutvalue.se\/en\/senior-ekonomikonsult-med-god-kunskap-av-koncernkonsolidering\/\" \/>\n<meta property=\"og:locale\" content=\"en_US\" \/>\n<meta property=\"og:type\" content=\"article\" \/>\n<meta property=\"og:title\" content=\"Senior ekonomikonsult med god kunskap av koncernkonsolidering | AboutValue\" \/>\n<meta property=\"og:description\" content=\"AboutValue hj\u00e4lper er att identifiera och utnyttja m\u00f6jligheter f\u00f6r \u00f6kad l\u00f6nsamhet, med kvalificerade konsulter, utvecklade processer och erfarenheter.\" \/>\n<meta property=\"og:url\" content=\"https:\/\/www.aboutvalue.se\/en\/senior-ekonomikonsult-med-god-kunskap-av-koncernkonsolidering\/\" \/>\n<meta property=\"og:site_name\" content=\"AboutValue\" \/>\n<meta property=\"article:modified_time\" content=\"2024-12-05T20:09:49+00:00\" \/>\n<meta property=\"og:image\" content=\"https:\/\/www.aboutvalue.se\/wp-content\/uploads\/2023\/01\/AboutValue-OG_FB.jpg\" \/>\n\t<meta property=\"og:image:width\" content=\"1400\" \/>\n\t<meta property=\"og:image:height\" content=\"735\" \/>\n\t<meta property=\"og:image:type\" content=\"image\/jpeg\" \/>\n<meta name=\"twitter:card\" content=\"summary_large_image\" \/>\n<meta name=\"twitter:label1\" content=\"Est. reading time\" \/>\n\t<meta name=\"twitter:data1\" content=\"2 minutes\" \/>\n<script type=\"application\/ld+json\" class=\"yoast-schema-graph\">{\"@context\":\"https:\/\/schema.org\",\"@graph\":[{\"@type\":\"WebPage\",\"@id\":\"https:\/\/www.aboutvalue.se\/senior-ekonomikonsult-med-god-kunskap-av-koncernkonsolidering\/\",\"url\":\"https:\/\/www.aboutvalue.se\/senior-ekonomikonsult-med-god-kunskap-av-koncernkonsolidering\/\",\"name\":\"Senior ekonomikonsult med god kunskap av koncernkonsolidering | AboutValue\",\"isPartOf\":{\"@id\":\"https:\/\/www.aboutvalue.se\/#website\"},\"datePublished\":\"2024-11-12T20:28:12+00:00\",\"dateModified\":\"2024-12-05T20:09:49+00:00\",\"description\":\"AboutValue hj\u00e4lper er att identifiera och utnyttja m\u00f6jligheter f\u00f6r \u00f6kad l\u00f6nsamhet, med kvalificerade konsulter, utvecklade processer och erfarenheter.\",\"breadcrumb\":{\"@id\":\"https:\/\/www.aboutvalue.se\/senior-ekonomikonsult-med-god-kunskap-av-koncernkonsolidering\/#breadcrumb\"},\"inLanguage\":\"en-US\",\"potentialAction\":[{\"@type\":\"ReadAction\",\"target\":[\"https:\/\/www.aboutvalue.se\/senior-ekonomikonsult-med-god-kunskap-av-koncernkonsolidering\/\"]}]},{\"@type\":\"BreadcrumbList\",\"@id\":\"https:\/\/www.aboutvalue.se\/senior-ekonomikonsult-med-god-kunskap-av-koncernkonsolidering\/#breadcrumb\",\"itemListElement\":[{\"@type\":\"ListItem\",\"position\":1,\"name\":\"Hem\",\"item\":\"https:\/\/www.aboutvalue.se\/\"},{\"@type\":\"ListItem\",\"position\":2,\"name\":\"Senior ekonomikonsult med god kunskap av koncernkonsolidering\"}]},{\"@type\":\"WebSite\",\"@id\":\"https:\/\/www.aboutvalue.se\/#website\",\"url\":\"https:\/\/www.aboutvalue.se\/\",\"name\":\"AboutValue\",\"description\":\"Modern redovisning &amp; kvalificerad r\u00e5dgivning\",\"publisher\":{\"@id\":\"https:\/\/www.aboutvalue.se\/#organization\"},\"potentialAction\":[{\"@type\":\"SearchAction\",\"target\":{\"@type\":\"EntryPoint\",\"urlTemplate\":\"https:\/\/www.aboutvalue.se\/?s={search_term_string}\"},\"query-input\":\"required name=search_term_string\"}],\"inLanguage\":\"en-US\"},{\"@type\":\"Organization\",\"@id\":\"https:\/\/www.aboutvalue.se\/#organization\",\"name\":\"AboutValue\",\"url\":\"https:\/\/www.aboutvalue.se\/\",\"logo\":{\"@type\":\"ImageObject\",\"inLanguage\":\"en-US\",\"@id\":\"https:\/\/www.aboutvalue.se\/#\/schema\/logo\/image\/\",\"url\":\"https:\/\/mltpvt7bivv7.i.optimole.com\/w:2000\/h:631\/q:mauto\/f:avif\/https:\/\/www.aboutvalue.se\/wp-content\/uploads\/2022\/12\/ABOUT_VALUE_LOGO_RGB_ABOUT-VALUE-LOGO.png\",\"contentUrl\":\"https:\/\/mltpvt7bivv7.i.optimole.com\/w:2000\/h:631\/q:mauto\/f:avif\/https:\/\/www.aboutvalue.se\/wp-content\/uploads\/2022\/12\/ABOUT_VALUE_LOGO_RGB_ABOUT-VALUE-LOGO.png\",\"width\":2321,\"height\":732,\"caption\":\"AboutValue\"},\"image\":{\"@id\":\"https:\/\/www.aboutvalue.se\/#\/schema\/logo\/image\/\"},\"sameAs\":[\"https:\/\/www.linkedin.com\/company\/aboutvalue-ab\/?originalSubdomain=se\"]}]}<\/script>\n<!-- \/ Yoast SEO plugin. -->","yoast_head_json":{"title":"Senior ekonomikonsult med god kunskap av koncernkonsolidering | AboutValue","description":"AboutValue hj\u00e4lper er att identifiera och utnyttja m\u00f6jligheter f\u00f6r \u00f6kad l\u00f6nsamhet, med kvalificerade konsulter, utvecklade processer och erfarenheter.","robots":{"index":"index","follow":"follow","max-snippet":"max-snippet:-1","max-image-preview":"max-image-preview:large","max-video-preview":"max-video-preview:-1"},"canonical":"https:\/\/www.aboutvalue.se\/en\/senior-ekonomikonsult-med-god-kunskap-av-koncernkonsolidering\/","og_locale":"en_US","og_type":"article","og_title":"Senior ekonomikonsult med god kunskap av koncernkonsolidering | AboutValue","og_description":"AboutValue hj\u00e4lper er att identifiera och utnyttja m\u00f6jligheter f\u00f6r \u00f6kad l\u00f6nsamhet, med kvalificerade konsulter, utvecklade processer och erfarenheter.","og_url":"https:\/\/www.aboutvalue.se\/en\/senior-ekonomikonsult-med-god-kunskap-av-koncernkonsolidering\/","og_site_name":"AboutValue","article_modified_time":"2024-12-05T20:09:49+00:00","og_image":[{"width":1400,"height":735,"url":"https:\/\/www.aboutvalue.se\/wp-content\/uploads\/2023\/01\/AboutValue-OG_FB.jpg","type":"image\/jpeg"}],"twitter_card":"summary_large_image","twitter_misc":{"Est. reading time":"2 minutes"},"schema":{"@context":"https:\/\/schema.org","@graph":[{"@type":"WebPage","@id":"https:\/\/www.aboutvalue.se\/senior-ekonomikonsult-med-god-kunskap-av-koncernkonsolidering\/","url":"https:\/\/www.aboutvalue.se\/senior-ekonomikonsult-med-god-kunskap-av-koncernkonsolidering\/","name":"Senior ekonomikonsult med god kunskap av koncernkonsolidering | AboutValue","isPartOf":{"@id":"https:\/\/www.aboutvalue.se\/#website"},"datePublished":"2024-11-12T20:28:12+00:00","dateModified":"2024-12-05T20:09:49+00:00","description":"AboutValue hj\u00e4lper er att identifiera och utnyttja m\u00f6jligheter f\u00f6r \u00f6kad l\u00f6nsamhet, med kvalificerade konsulter, utvecklade processer och erfarenheter.","breadcrumb":{"@id":"https:\/\/www.aboutvalue.se\/senior-ekonomikonsult-med-god-kunskap-av-koncernkonsolidering\/#breadcrumb"},"inLanguage":"en-US","potentialAction":[{"@type":"ReadAction","target":["https:\/\/www.aboutvalue.se\/senior-ekonomikonsult-med-god-kunskap-av-koncernkonsolidering\/"]}]},{"@type":"BreadcrumbList","@id":"https:\/\/www.aboutvalue.se\/senior-ekonomikonsult-med-god-kunskap-av-koncernkonsolidering\/#breadcrumb","itemListElement":[{"@type":"ListItem","position":1,"name":"Hem","item":"https:\/\/www.aboutvalue.se\/"},{"@type":"ListItem","position":2,"name":"Senior ekonomikonsult med god kunskap av koncernkonsolidering"}]},{"@type":"WebSite","@id":"https:\/\/www.aboutvalue.se\/#website","url":"https:\/\/www.aboutvalue.se\/","name":"AboutValue","description":"Modern redovisning &amp; kvalificerad r\u00e5dgivning","publisher":{"@id":"https:\/\/www.aboutvalue.se\/#organization"},"potentialAction":[{"@type":"SearchAction","target":{"@type":"EntryPoint","urlTemplate":"https:\/\/www.aboutvalue.se\/?s={search_term_string}"},"query-input":"required name=search_term_string"}],"inLanguage":"en-US"},{"@type":"Organization","@id":"https:\/\/www.aboutvalue.se\/#organization","name":"AboutValue","url":"https:\/\/www.aboutvalue.se\/","logo":{"@type":"ImageObject","inLanguage":"en-US","@id":"https:\/\/www.aboutvalue.se\/#\/schema\/logo\/image\/","url":"https:\/\/mltpvt7bivv7.i.optimole.com\/w:2000\/h:631\/q:mauto\/f:avif\/https:\/\/www.aboutvalue.se\/wp-content\/uploads\/2022\/12\/ABOUT_VALUE_LOGO_RGB_ABOUT-VALUE-LOGO.png","contentUrl":"https:\/\/mltpvt7bivv7.i.optimole.com\/w:2000\/h:631\/q:mauto\/f:avif\/https:\/\/www.aboutvalue.se\/wp-content\/uploads\/2022\/12\/ABOUT_VALUE_LOGO_RGB_ABOUT-VALUE-LOGO.png","width":2321,"height":732,"caption":"AboutValue"},"image":{"@id":"https:\/\/www.aboutvalue.se\/#\/schema\/logo\/image\/"},"sameAs":["https:\/\/www.linkedin.com\/company\/aboutvalue-ab\/?originalSubdomain=se"]}]}},"_links":{"self":[{"href":"https:\/\/www.aboutvalue.se\/en\/wp-json\/wp\/v2\/pages\/1212"}],"collection":[{"href":"https:\/\/www.aboutvalue.se\/en\/wp-json\/wp\/v2\/pages"}],"about":[{"href":"https:\/\/www.aboutvalue.se\/en\/wp-json\/wp\/v2\/types\/page"}],"author":[{"embeddable":true,"href":"https:\/\/www.aboutvalue.se\/en\/wp-json\/wp\/v2\/users\/4"}],"replies":[{"embeddable":true,"href":"https:\/\/www.aboutvalue.se\/en\/wp-json\/wp\/v2\/comments?post=1212"}],"version-history":[{"count":20,"href":"https:\/\/www.aboutvalue.se\/en\/wp-json\/wp\/v2\/pages\/1212\/revisions"}],"predecessor-version":[{"id":1257,"href":"https:\/\/www.aboutvalue.se\/en\/wp-json\/wp\/v2\/pages\/1212\/revisions\/1257"}],"wp:attachment":[{"href":"https:\/\/www.aboutvalue.se\/en\/wp-json\/wp\/v2\/media?parent=1212"}],"curies":[{"name":"wp","href":"https:\/\/api.w.org\/{rel}","templated":true}]}}